{"id":913,"date":"2024-02-09T17:38:51","date_gmt":"2024-02-09T17:38:51","guid":{"rendered":"https:\/\/municheventrent.de\/cart\/"},"modified":"2024-12-22T14:24:00","modified_gmt":"2024-12-22T14:24:00","slug":"cart","status":"publish","type":"page","link":"https:\/\/municheventrent.de\/en\/cart\/","title":{"rendered":"Shopping cart"},"content":{"rendered":"\n<div data-block-name=\"woocommerce\/cart\" class=\"wp-block-woocommerce-cart alignwide is-loading\">\n<div data-block-name=\"woocommerce\/filled-cart-block\" class=\"wp-block-woocommerce-filled-cart-block\">\n<div data-block-name=\"woocommerce\/cart-items-block\" class=\"wp-block-woocommerce-cart-items-block\">\n<div data-block-name=\"woocommerce\/cart-line-items-block\" class=\"wp-block-woocommerce-cart-line-items-block\"><\/div>\n\n\n\n<div data-block-name=\"woocommerce\/cart-cross-sells-block\" class=\"wp-block-woocommerce-cart-cross-sells-block\">\n<h2 class=\"wp-block-heading has-large-font-size\">You might be interested in &#8230;<\/h2>\n\n\n\n<div data-block-name=\"woocommerce\/cart-cross-sells-products-block\" class=\"wp-block-woocommerce-cart-cross-sells-products-block\"><\/div>\n<\/div>\n<\/div>\n\n\n\n<div data-block-name=\"woocommerce\/cart-totals-block\" class=\"wp-block-woocommerce-cart-totals-block\">\n<div data-block-name=\"woocommerce\/cart-order-summary-block\" class=\"wp-block-woocommerce-cart-order-summary-block\">\n<div data-block-name=\"woocommerce\/cart-order-summary-heading-block\" class=\"wp-block-woocommerce-cart-order-summary-heading-block\"><\/div><div data-block-name=\"woocommerce\/cart-order-summary-coupon-form-block\" class=\"wp-block-woocommerce-cart-order-summary-coupon-form-block\"><\/div><div data-block-name=\"woocommerce\/cart-order-summary-totals-block\" class=\"wp-block-woocommerce-cart-order-summary-totals-block\">\n<div data-block-name=\"woocommerce\/cart-order-summary-subtotal-block\" class=\"wp-block-woocommerce-cart-order-summary-subtotal-block\"><\/div>\n<div data-block-name=\"woocommerce\/cart-order-summary-discount-block\" class=\"wp-block-woocommerce-cart-order-summary-discount-block\"><\/div>\n<div data-block-name=\"woocommerce\/cart-order-summary-fee-block\" class=\"wp-block-woocommerce-cart-order-summary-fee-block\"><\/div>\n<div data-block-name=\"woocommerce\/cart-order-summary-shipping-block\" class=\"wp-block-woocommerce-cart-order-summary-shipping-block\"><\/div>\n<div data-block-name=\"woocommerce\/cart-order-summary-taxes-block\" class=\"wp-block-woocommerce-cart-order-summary-taxes-block\"><\/div><\/div>\n<\/div>\n\n\n\n<div data-block-name=\"woocommerce\/cart-express-payment-block\" class=\"wp-block-woocommerce-cart-express-payment-block\"><\/div>\n\n\n\n<div data-block-name=\"woocommerce\/proceed-to-checkout-block\" class=\"wp-block-woocommerce-proceed-to-checkout-block\"><\/div>\n\n\n\n<div data-block-name=\"woocommerce\/cart-accepted-payment-methods-block\" class=\"wp-block-woocommerce-cart-accepted-payment-methods-block\"><\/div>\n<\/div>\n<\/div>\n\n\n\n<div data-block-name=\"woocommerce\/empty-cart-block\" class=\"wp-block-woocommerce-empty-cart-block\">\n<h2 class=\"wp-block-heading has-text-align-center with-empty-cart-icon wc-block-cart__empty-cart__title\">Your shopping cart is empty!<\/h2>\n\n\n\n<hr class=\"wp-block-separator has-alpha-channel-opacity is-style-dots\"\/>\n\n\n\n<h2 class=\"wp-block-heading has-text-align-center\">New in the store<\/h2>\n\n\n<div data-block-name=\"woocommerce\/product-new\" data-columns=\"4\" data-rows=\"1\" class=\"wc-block-grid wp-block-product-new wp-block-woocommerce-product-new wc-block-product-new has-4-columns\"><ul class=\"wc-block-grid__products\"><li class=\"wc-block-grid__product\">\n\t\t\t\t<a href=\"https:\/\/municheventrent.de\/en\/shop\/barriers-and-carpets\/barrier-pillar-cord-holder-black-h95cm-kopie-3\/\" class=\"wc-block-grid__product-link\">\n\t\t\t\t\t\n\t\t\t\t\t<div class=\"wc-block-grid__product-image\"><img loading=\"lazy\" decoding=\"async\" width=\"300\" height=\"300\" src=\"https:\/\/municheventrent.de\/wp-content\/uploads\/2026\/04\/Design-ohne-Titel-15-300x300.jpg\" class=\"attachment-woocommerce_thumbnail size-woocommerce_thumbnail\" alt=\"Barrier post Barrier post with drawstring 2m black for rent in Munich\" srcset=\"https:\/\/municheventrent.de\/wp-content\/uploads\/2026\/04\/Design-ohne-Titel-15-300x300.jpg 300w, https:\/\/municheventrent.de\/wp-content\/uploads\/2026\/04\/Design-ohne-Titel-15-150x150.jpg 150w, https:\/\/municheventrent.de\/wp-content\/uploads\/2026\/04\/Design-ohne-Titel-15-768x768.jpg 768w, https:\/\/municheventrent.de\/wp-content\/uploads\/2026\/04\/Design-ohne-Titel-15-600x600.jpg 600w, https:\/\/municheventrent.de\/wp-content\/uploads\/2026\/04\/Design-ohne-Titel-15.jpg 800w\" sizes=\"auto, (max-width: 300px) 100vw, 300px\" \/><\/div>\n\t\t\t\t\t<div class=\"wc-block-grid__product-title\">Barrier post black H87cm incl. drawstring L2m<\/div>\n\t\t\t\t<\/a>\n\t\t\t\t<div class=\"wc-block-grid__product-price price\"><span class=\"woocommerce-Price-amount amount\">14,00&nbsp;<span class=\"woocommerce-Price-currencySymbol\">&euro;<\/span><\/span><span style=\"font-weight:300;font-size:14px\"> excl. VAT <\/span><\/div><span style=\"font-weight:500; font-size:13px;\">16,66 \u20ac<\/span><span style=\"font-weight:300; font-size:12px;\"> incl. 19 % VAT for 1 piece<\/span><br><span style=\"font-weight:300; font-size:12px; display: inline-block; white-space: nowrap;\">per rental unit incl. final cleaning plus <a href=\"https:\/\/municheventrent.de\/en\/shipping-delivery\/\">delivery<\/a><\/span>\n\t\t\t\t\n\t\t\t\t<div class=\"wp-block-button wc-block-grid__product-add-to-cart\"><a href=\"\/en\/wp-json\/wp\/v2\/pages\/913?add-to-cart=4815\" aria-label=\"Add to cart: &ldquo;Barrier post black H87cm incl. drawstring L2m&rdquo;\" data-quantity=\"1\" data-product_id=\"4815\" data-product_sku=\"4507\" data-price=\"14\" rel=\"nofollow\" class=\"wp-block-button__link  add_to_cart_button ajax_add_to_cart\">Add to cart<\/a><\/div>\n\t\t\t<\/li><li class=\"wc-block-grid__product\">\n\t\t\t\t<a href=\"https:\/\/municheventrent.de\/en\/shop\/podiums-lecterns-and-reception-desks\/bridge-table-standing-height-110cm-l180cm-w60cm-with-panel-white\/\" class=\"wc-block-grid__product-link\">\n\t\t\t\t\t\n\t\t\t\t\t<div class=\"wc-block-grid__product-image\"><img loading=\"lazy\" decoding=\"async\" width=\"300\" height=\"300\" src=\"https:\/\/municheventrent.de\/wp-content\/uploads\/2026\/01\/2-1-300x300.jpg\" class=\"attachment-woocommerce_thumbnail size-woocommerce_thumbnail\" alt=\"Large white bridge table with screen and standing height for events\" srcset=\"https:\/\/municheventrent.de\/wp-content\/uploads\/2026\/01\/2-1-300x300.jpg 300w, https:\/\/municheventrent.de\/wp-content\/uploads\/2026\/01\/2-1-150x150.jpg 150w, https:\/\/municheventrent.de\/wp-content\/uploads\/2026\/01\/2-1-768x768.jpg 768w, https:\/\/municheventrent.de\/wp-content\/uploads\/2026\/01\/2-1-600x600.jpg 600w, https:\/\/municheventrent.de\/wp-content\/uploads\/2026\/01\/2-1.jpg 800w\" sizes=\"auto, (max-width: 300px) 100vw, 300px\" \/><\/div>\n\t\t\t\t\t<div class=\"wc-block-grid__product-title\">Bridge table (standing height 110cm) L180cm W60cm with panel white<\/div>\n\t\t\t\t<\/a>\n\t\t\t\t<div class=\"wc-block-grid__product-price price\"><span class=\"woocommerce-Price-amount amount\">95,00&nbsp;<span class=\"woocommerce-Price-currencySymbol\">&euro;<\/span><\/span><span style=\"font-weight:300;font-size:14px\"> excl. VAT <\/span><\/div><span style=\"font-weight:500; font-size:13px;\">113,05 \u20ac<\/span><span style=\"font-weight:300; font-size:12px;\"> incl. 19 % VAT for 1 piece<\/span><br><span style=\"font-weight:300; font-size:12px; display: inline-block; white-space: nowrap;\">per rental unit incl. final cleaning plus <a href=\"https:\/\/municheventrent.de\/en\/shipping-delivery\/\">delivery<\/a><\/span>\n\t\t\t\t\n\t\t\t\t<div class=\"wp-block-button wc-block-grid__product-add-to-cart\"><a href=\"\/en\/wp-json\/wp\/v2\/pages\/913?add-to-cart=4826\" aria-label=\"Add to cart: &ldquo;Bridge table (standing height 110cm) L180cm W60cm with panel white&rdquo;\" data-quantity=\"1\" data-product_id=\"4826\" data-product_sku=\"1517\" data-price=\"95\" rel=\"nofollow\" class=\"wp-block-button__link  add_to_cart_button ajax_add_to_cart\">Add to cart<\/a><\/div>\n\t\t\t<\/li><li class=\"wc-block-grid__product\">\n\t\t\t\t<a href=\"https:\/\/municheventrent.de\/en\/shop\/podiums-lecterns-and-reception-desks\/bridge-table-standing-height-110cm-l180cm-w60cm-with-black-panel\/\" class=\"wc-block-grid__product-link\">\n\t\t\t\t\t\n\t\t\t\t\t<div class=\"wc-block-grid__product-image\"><img loading=\"lazy\" decoding=\"async\" width=\"300\" height=\"300\" src=\"https:\/\/municheventrent.de\/wp-content\/uploads\/2026\/01\/3-1-300x300.jpg\" class=\"attachment-woocommerce_thumbnail size-woocommerce_thumbnail\" alt=\"Gro\u00dfer schwarzer Br\u00fcckentisch mit Blende f\u00fcr Events und Messen\" srcset=\"https:\/\/municheventrent.de\/wp-content\/uploads\/2026\/01\/3-1-300x300.jpg 300w, https:\/\/municheventrent.de\/wp-content\/uploads\/2026\/01\/3-1-150x150.jpg 150w, https:\/\/municheventrent.de\/wp-content\/uploads\/2026\/01\/3-1-768x768.jpg 768w, https:\/\/municheventrent.de\/wp-content\/uploads\/2026\/01\/3-1-600x600.jpg 600w, https:\/\/municheventrent.de\/wp-content\/uploads\/2026\/01\/3-1.jpg 800w\" sizes=\"auto, (max-width: 300px) 100vw, 300px\" \/><\/div>\n\t\t\t\t\t<div class=\"wc-block-grid__product-title\">Bridge table (standing height 110cm) L180cm W60cm with black panel<\/div>\n\t\t\t\t<\/a>\n\t\t\t\t<div class=\"wc-block-grid__product-price price\"><span class=\"woocommerce-Price-amount amount\">105,00&nbsp;<span class=\"woocommerce-Price-currencySymbol\">&euro;<\/span><\/span><span style=\"font-weight:300;font-size:14px\"> excl. VAT <\/span><\/div><span style=\"font-weight:500; font-size:13px;\">124,95 \u20ac<\/span><span style=\"font-weight:300; font-size:12px;\"> incl. 19 % VAT for 1 piece<\/span><br><span style=\"font-weight:300; font-size:12px; display: inline-block; white-space: nowrap;\">per rental unit incl. final cleaning plus <a href=\"https:\/\/municheventrent.de\/en\/shipping-delivery\/\">delivery<\/a><\/span>\n\t\t\t\t\n\t\t\t\t<div class=\"wp-block-button wc-block-grid__product-add-to-cart\"><a href=\"\/en\/wp-json\/wp\/v2\/pages\/913?add-to-cart=4822\" aria-label=\"Add to cart: &ldquo;Bridge table (standing height 110cm) L180cm W60cm with black panel&rdquo;\" data-quantity=\"1\" data-product_id=\"4822\" data-product_sku=\"1524\" data-price=\"105\" rel=\"nofollow\" class=\"wp-block-button__link  add_to_cart_button ajax_add_to_cart\">Add to cart<\/a><\/div>\n\t\t\t<\/li><li class=\"wc-block-grid__product\">\n\t\t\t\t<a href=\"https:\/\/municheventrent.de\/en\/shop\/podiums-lecterns-and-reception-desks\/bridge-table-standing-height-110cm-l120cm-w60cm-with-black-panel\/\" class=\"wc-block-grid__product-link\">\n\t\t\t\t\t\n\t\t\t\t\t<div class=\"wc-block-grid__product-image\"><img loading=\"lazy\" decoding=\"async\" width=\"300\" height=\"300\" src=\"https:\/\/municheventrent.de\/wp-content\/uploads\/2026\/01\/4-1-300x300.jpg\" class=\"attachment-woocommerce_thumbnail size-woocommerce_thumbnail\" alt=\"Schwarzer Br\u00fcckentisch mit Blende und Stehh\u00f6he f\u00fcr Messeauftritte\" srcset=\"https:\/\/municheventrent.de\/wp-content\/uploads\/2026\/01\/4-1-300x300.jpg 300w, https:\/\/municheventrent.de\/wp-content\/uploads\/2026\/01\/4-1-150x150.jpg 150w, https:\/\/municheventrent.de\/wp-content\/uploads\/2026\/01\/4-1-768x768.jpg 768w, https:\/\/municheventrent.de\/wp-content\/uploads\/2026\/01\/4-1-600x600.jpg 600w, https:\/\/municheventrent.de\/wp-content\/uploads\/2026\/01\/4-1.jpg 800w\" sizes=\"auto, (max-width: 300px) 100vw, 300px\" \/><\/div>\n\t\t\t\t\t<div class=\"wc-block-grid__product-title\">Bridge table (standing height 110cm) L120cm W60cm with black panel<\/div>\n\t\t\t\t<\/a>\n\t\t\t\t<div class=\"wc-block-grid__product-price price\"><span class=\"woocommerce-Price-amount amount\">88,00&nbsp;<span class=\"woocommerce-Price-currencySymbol\">&euro;<\/span><\/span><span style=\"font-weight:300;font-size:14px\"> excl. VAT <\/span><\/div><span style=\"font-weight:500; font-size:13px;\">104,72 \u20ac<\/span><span style=\"font-weight:300; font-size:12px;\"> incl. 19 % VAT for 1 piece<\/span><br><span style=\"font-weight:300; font-size:12px; display: inline-block; white-space: nowrap;\">per rental unit incl. final cleaning plus <a href=\"https:\/\/municheventrent.de\/en\/shipping-delivery\/\">delivery<\/a><\/span>\n\t\t\t\t\n\t\t\t\t<div class=\"wp-block-button wc-block-grid__product-add-to-cart\"><a href=\"\/en\/wp-json\/wp\/v2\/pages\/913?add-to-cart=4832\" aria-label=\"Add to cart: &ldquo;Bridge table (standing height 110cm) L120cm W60cm with black panel&rdquo;\" data-quantity=\"1\" data-product_id=\"4832\" data-product_sku=\"1525\" data-price=\"88\" rel=\"nofollow\" class=\"wp-block-button__link  add_to_cart_button ajax_add_to_cart\">Add to cart<\/a><\/div>\n\t\t\t<\/li><\/ul><\/div><\/div>\n<\/div>\n","protected":false},"excerpt":{"rendered":"","protected":false},"author":1,"featured_media":0,"parent":0,"menu_order":0,"comment_status":"closed","ping_status":"closed","template":"","meta":{"_uag_custom_page_level_css":"","footnotes":""},"class_list":["post-913","page","type-page","status-publish","hentry"],"yoast_head":"<!-- This site is optimized with the Yoast SEO plugin v27.5 - https:\/\/yoast.com\/product\/yoast-seo-wordpress\/ -->\n<title>Shopping cart - Munich Event Rent<\/title>\n<meta name=\"robots\" content=\"index, follow, max-snippet:-1, max-image-preview:large, max-video-preview:-1\" \/>\n<link rel=\"canonical\" href=\"https:\/\/municheventrent.de\/en\/cart\/\" \/>\n<meta property=\"og:locale\" content=\"en_US\" \/>\n<meta property=\"og:type\" content=\"article\" \/>\n<meta property=\"og:title\" content=\"Shopping cart - Munich Event Rent\" \/>\n<meta property=\"og:url\" content=\"https:\/\/municheventrent.de\/en\/cart\/\" \/>\n<meta property=\"og:site_name\" content=\"Munich Event Rent\" \/>\n<meta property=\"article:modified_time\" content=\"2024-12-22T14:24:00+00:00\" \/>\n<meta name=\"twitter:card\" content=\"summary_large_image\" \/>\n<script type=\"application\/ld+json\" class=\"yoast-schema-graph\">{\"@context\":\"https:\\\/\\\/schema.org\",\"@graph\":[{\"@type\":\"WebPage\",\"@id\":\"https:\\\/\\\/municheventrent.de\\\/en\\\/cart\\\/\",\"url\":\"https:\\\/\\\/municheventrent.de\\\/en\\\/cart\\\/\",\"name\":\"Shopping cart - Munich Event Rent\",\"isPartOf\":{\"@id\":\"https:\\\/\\\/municheventrent.de\\\/en\\\/#website\"},\"datePublished\":\"2024-02-09T17:38:51+00:00\",\"dateModified\":\"2024-12-22T14:24:00+00:00\",\"breadcrumb\":{\"@id\":\"https:\\\/\\\/municheventrent.de\\\/en\\\/cart\\\/#breadcrumb\"},\"inLanguage\":\"en-US\",\"potentialAction\":[{\"@type\":\"ReadAction\",\"target\":[\"https:\\\/\\\/municheventrent.de\\\/en\\\/cart\\\/\"]}]},{\"@type\":\"BreadcrumbList\",\"@id\":\"https:\\\/\\\/municheventrent.de\\\/en\\\/cart\\\/#breadcrumb\",\"itemListElement\":[{\"@type\":\"ListItem\",\"position\":1,\"name\":\"Startseite\",\"item\":\"https:\\\/\\\/municheventrent.de\\\/en\\\/\"},{\"@type\":\"ListItem\",\"position\":2,\"name\":\"Shopping cart\"}]},{\"@type\":\"WebSite\",\"@id\":\"https:\\\/\\\/municheventrent.de\\\/en\\\/#website\",\"url\":\"https:\\\/\\\/municheventrent.de\\\/en\\\/\",\"name\":\"Munich Event Rent\",\"description\":\"Event-Ausstattung und -Mobiliar\",\"publisher\":{\"@id\":\"https:\\\/\\\/municheventrent.de\\\/en\\\/#organization\"},\"potentialAction\":[{\"@type\":\"SearchAction\",\"target\":{\"@type\":\"EntryPoint\",\"urlTemplate\":\"https:\\\/\\\/municheventrent.de\\\/en\\\/?s={search_term_string}\"},\"query-input\":{\"@type\":\"PropertyValueSpecification\",\"valueRequired\":true,\"valueName\":\"search_term_string\"}}],\"inLanguage\":\"en-US\"},{\"@type\":\"Organization\",\"@id\":\"https:\\\/\\\/municheventrent.de\\\/en\\\/#organization\",\"name\":\"Munich Event Rent\",\"url\":\"https:\\\/\\\/municheventrent.de\\\/en\\\/\",\"logo\":{\"@type\":\"ImageObject\",\"inLanguage\":\"en-US\",\"@id\":\"https:\\\/\\\/municheventrent.de\\\/en\\\/#\\\/schema\\\/logo\\\/image\\\/\",\"url\":\"https:\\\/\\\/municheventrent.de\\\/wp-content\\\/uploads\\\/2024\\\/03\\\/cropped-Munich-5.png\",\"contentUrl\":\"https:\\\/\\\/municheventrent.de\\\/wp-content\\\/uploads\\\/2024\\\/03\\\/cropped-Munich-5.png\",\"width\":458,\"height\":88,\"caption\":\"Munich Event Rent\"},\"image\":{\"@id\":\"https:\\\/\\\/municheventrent.de\\\/en\\\/#\\\/schema\\\/logo\\\/image\\\/\"},\"sameAs\":[\"https:\\\/\\\/www.instagram.com\\\/municheventrent?igsh=MThtc210Ym5wYjVzeA\"]}]}<\/script>\n<!-- \/ Yoast SEO plugin. -->","yoast_head_json":{"title":"Shopping cart - Munich Event Rent","robots":{"index":"index","follow":"follow","max-snippet":"max-snippet:-1","max-image-preview":"max-image-preview:large","max-video-preview":"max-video-preview:-1"},"canonical":"https:\/\/municheventrent.de\/en\/cart\/","og_locale":"en_US","og_type":"article","og_title":"Shopping cart - Munich Event Rent","og_url":"https:\/\/municheventrent.de\/en\/cart\/","og_site_name":"Munich Event Rent","article_modified_time":"2024-12-22T14:24:00+00:00","twitter_card":"summary_large_image","schema":{"@context":"https:\/\/schema.org","@graph":[{"@type":"WebPage","@id":"https:\/\/municheventrent.de\/en\/cart\/","url":"https:\/\/municheventrent.de\/en\/cart\/","name":"Shopping cart - Munich Event Rent","isPartOf":{"@id":"https:\/\/municheventrent.de\/en\/#website"},"datePublished":"2024-02-09T17:38:51+00:00","dateModified":"2024-12-22T14:24:00+00:00","breadcrumb":{"@id":"https:\/\/municheventrent.de\/en\/cart\/#breadcrumb"},"inLanguage":"en-US","potentialAction":[{"@type":"ReadAction","target":["https:\/\/municheventrent.de\/en\/cart\/"]}]},{"@type":"BreadcrumbList","@id":"https:\/\/municheventrent.de\/en\/cart\/#breadcrumb","itemListElement":[{"@type":"ListItem","position":1,"name":"Startseite","item":"https:\/\/municheventrent.de\/en\/"},{"@type":"ListItem","position":2,"name":"Shopping cart"}]},{"@type":"WebSite","@id":"https:\/\/municheventrent.de\/en\/#website","url":"https:\/\/municheventrent.de\/en\/","name":"Munich Event Rent","description":"Event-Ausstattung und -Mobiliar","publisher":{"@id":"https:\/\/municheventrent.de\/en\/#organization"},"potentialAction":[{"@type":"SearchAction","target":{"@type":"EntryPoint","urlTemplate":"https:\/\/municheventrent.de\/en\/?s={search_term_string}"},"query-input":{"@type":"PropertyValueSpecification","valueRequired":true,"valueName":"search_term_string"}}],"inLanguage":"en-US"},{"@type":"Organization","@id":"https:\/\/municheventrent.de\/en\/#organization","name":"Munich Event Rent","url":"https:\/\/municheventrent.de\/en\/","logo":{"@type":"ImageObject","inLanguage":"en-US","@id":"https:\/\/municheventrent.de\/en\/#\/schema\/logo\/image\/","url":"https:\/\/municheventrent.de\/wp-content\/uploads\/2024\/03\/cropped-Munich-5.png","contentUrl":"https:\/\/municheventrent.de\/wp-content\/uploads\/2024\/03\/cropped-Munich-5.png","width":458,"height":88,"caption":"Munich Event Rent"},"image":{"@id":"https:\/\/municheventrent.de\/en\/#\/schema\/logo\/image\/"},"sameAs":["https:\/\/www.instagram.com\/municheventrent?igsh=MThtc210Ym5wYjVzeA"]}]}},"uagb_featured_image_src":{"full":false,"thumbnail":false,"medium":false,"medium_large":false,"large":false,"1536x1536":false,"2048x2048":false,"yith_slider_thumb":false,"proteo-blog-loop-image":false,"proteo-blog-loop-image-wide":false,"proteo_full_width_image":false,"proteo_blog_cropped_cover_image_400":false,"woocommerce_thumbnail":false,"woocommerce_single":false,"woocommerce_gallery_thumbnail":false},"uagb_author_info":{"display_name":"admin","author_link":"https:\/\/municheventrent.de\/en\/author\/admin\/"},"uagb_comment_info":0,"uagb_excerpt":null,"_links":{"self":[{"href":"https:\/\/municheventrent.de\/en\/wp-json\/wp\/v2\/pages\/913","targetHints":{"allow":["GET"]}}],"collection":[{"href":"https:\/\/municheventrent.de\/en\/wp-json\/wp\/v2\/pages"}],"about":[{"href":"https:\/\/municheventrent.de\/en\/wp-json\/wp\/v2\/types\/page"}],"author":[{"embeddable":true,"href":"https:\/\/municheventrent.de\/en\/wp-json\/wp\/v2\/users\/1"}],"replies":[{"embeddable":true,"href":"https:\/\/municheventrent.de\/en\/wp-json\/wp\/v2\/comments?post=913"}],"version-history":[{"count":0,"href":"https:\/\/municheventrent.de\/en\/wp-json\/wp\/v2\/pages\/913\/revisions"}],"wp:attachment":[{"href":"https:\/\/municheventrent.de\/en\/wp-json\/wp\/v2\/media?parent=913"}],"curies":[{"name":"wp","href":"https:\/\/api.w.org\/{rel}","templated":true}]}}